{"id":724,"date":"2024-03-17T16:32:44","date_gmt":"2024-03-17T16:32:44","guid":{"rendered":"https:\/\/rcs.sybell.net\/?page_id=724"},"modified":"2026-03-19T18:49:06","modified_gmt":"2026-03-19T17:49:06","slug":"szallas","status":"publish","type":"page","link":"https:\/\/rcs.hu\/en\/szallas\/","title":{"rendered":"Accommodation"},"content":{"rendered":"<div data-elementor-type=\"wp-page\" data-elementor-id=\"724\" class=\"elementor elementor-724\" data-elementor-post-type=\"page\">\n\t\t\t\t<div class=\"elementor-element elementor-element-85ae7a7 e-con-full e-flex e-con e-parent\" data-id=\"85ae7a7\" data-element_type=\"container\" data-settings=\"{&quot;background_background&quot;:&quot;classic&quot;}\">\n\t\t<div class=\"elementor-element elementor-element-e54d6bc e-con-full e-flex elementor-invisible e-con e-child\" data-id=\"e54d6bc\" data-element_type=\"container\" data-settings=\"{&quot;animation&quot;:&quot;fadeInLeft&quot;}\">\n\t\t\t\t<div class=\"elementor-element elementor-element-9bdca33 elementor-widget elementor-widget-heading\" data-id=\"9bdca33\" data-element_type=\"widget\" data-widget_type=\"heading.default\">\n\t\t\t\t<div class=\"elementor-widget-container\">\n\t\t\t\t\t<h2 class=\"elementor-heading-title elementor-size-default\">Accommodation<\/h2>\t\t\t\t<\/div>\n\t\t\t\t<\/div>\n\t\t\t\t<div class=\"elementor-element elementor-element-0fb7a16 elementor-icon-list--layout-traditional elementor-list-item-link-full_width elementor-widget elementor-widget-icon-list\" data-id=\"0fb7a16\" data-element_type=\"widget\" data-widget_type=\"icon-list.default\">\n\t\t\t\t<div class=\"elementor-widget-container\">\n\t\t\t\t\t\t\t<ul class=\"elementor-icon-list-items\">\n\t\t\t\t\t\t\t<li class=\"elementor-icon-list-item\">\n\t\t\t\t\t\t\t\t\t\t\t<span class=\"elementor-icon-list-icon\">\n\t\t\t\t\t\t\t<svg aria-hidden=\"true\" class=\"e-font-icon-svg e-fas-chevron-right\" viewbox=\"0 0 320 512\" xmlns=\"http:\/\/www.w3.org\/2000\/svg\"><path d=\"M285.476 272.971L91.132 467.314c-9.373 9.373-24.569 9.373-33.941 0l-22.667-22.667c-9.357-9.357-9.375-24.522-.04-33.901L188.505 256 34.484 101.255c-9.335-9.379-9.317-24.544.04-33.901l22.667-22.667c9.373-9.373 24.569-9.373 33.941 0L285.475 239.03c9.373 9.372 9.373 24.568.001 33.941z\"><\/path><\/svg>\t\t\t\t\t\t<\/span>\n\t\t\t\t\t\t\t\t\t\t<span class=\"elementor-icon-list-text\">Kunfeh\u00e9rt\u00f3 Camping and Beach (wooden cabins, tenting, and parking by the lakeside)<\/span>\n\t\t\t\t\t\t\t\t\t<\/li>\n\t\t\t\t\t\t\t\t<li class=\"elementor-icon-list-item\">\n\t\t\t\t\t\t\t\t\t\t\t<span class=\"elementor-icon-list-icon\">\n\t\t\t\t\t\t\t<svg aria-hidden=\"true\" class=\"e-font-icon-svg e-fas-chevron-right\" viewbox=\"0 0 320 512\" xmlns=\"http:\/\/www.w3.org\/2000\/svg\"><path d=\"M285.476 272.971L91.132 467.314c-9.373 9.373-24.569 9.373-33.941 0l-22.667-22.667c-9.357-9.357-9.375-24.522-.04-33.901L188.505 256 34.484 101.255c-9.335-9.379-9.317-24.544.04-33.901l22.667-22.667c9.373-9.373 24.569-9.373 33.941 0L285.475 239.03c9.373 9.372 9.373 24.568.001 33.941z\"><\/path><\/svg>\t\t\t\t\t\t<\/span>\n\t\t\t\t\t\t\t\t\t\t<span class=\"elementor-icon-list-text\">Sports camp (4-bed rooms in a stone building and parking by the lakeside)<\/span>\n\t\t\t\t\t\t\t\t\t<\/li>\n\t\t\t\t\t\t\t\t<li class=\"elementor-icon-list-item\">\n\t\t\t\t\t\t\t\t\t\t\t<span class=\"elementor-icon-list-icon\">\n\t\t\t\t\t\t\t<svg aria-hidden=\"true\" class=\"e-font-icon-svg e-fas-chevron-right\" viewbox=\"0 0 320 512\" xmlns=\"http:\/\/www.w3.org\/2000\/svg\"><path d=\"M285.476 272.971L91.132 467.314c-9.373 9.373-24.569 9.373-33.941 0l-22.667-22.667c-9.357-9.357-9.375-24.522-.04-33.901L188.505 256 34.484 101.255c-9.335-9.379-9.317-24.544.04-33.901l22.667-22.667c9.373-9.373 24.569-9.373 33.941 0L285.475 239.03c9.373 9.372 9.373 24.568.001 33.941z\"><\/path><\/svg>\t\t\t\t\t\t<\/span>\n\t\t\t\t\t\t\t\t\t\t<span class=\"elementor-icon-list-text\">Youth camp (wooden cabins, stone buildings, and parking). 5 minutes walk from the lakeside.<\/span>\n\t\t\t\t\t\t\t\t\t<\/li>\n\t\t\t\t\t\t\t\t<li class=\"elementor-icon-list-item\">\n\t\t\t\t\t\t\t\t\t\t\t<span class=\"elementor-icon-list-icon\">\n\t\t\t\t\t\t\t<svg aria-hidden=\"true\" class=\"e-font-icon-svg e-fas-chevron-right\" viewbox=\"0 0 320 512\" xmlns=\"http:\/\/www.w3.org\/2000\/svg\"><path d=\"M285.476 272.971L91.132 467.314c-9.373 9.373-24.569 9.373-33.941 0l-22.667-22.667c-9.357-9.357-9.375-24.522-.04-33.901L188.505 256 34.484 101.255c-9.335-9.379-9.317-24.544.04-33.901l22.667-22.667c9.373-9.373 24.569-9.373 33.941 0L285.475 239.03c9.373 9.372 9.373 24.568.001 33.941z\"><\/path><\/svg>\t\t\t\t\t\t<\/span>\n\t\t\t\t\t\t\t\t\t\t<span class=\"elementor-icon-list-text\">Gy\u00fcm\u00f6lcs\u00f6s Guesthouse in J\u00e1noshalma (14km)<\/span>\n\t\t\t\t\t\t\t\t\t<\/li>\n\t\t\t\t\t\t\t\t<li class=\"elementor-icon-list-item\">\n\t\t\t\t\t\t\t\t\t\t\t<span class=\"elementor-icon-list-icon\">\n\t\t\t\t\t\t\t<svg aria-hidden=\"true\" class=\"e-font-icon-svg e-fas-chevron-right\" viewbox=\"0 0 320 512\" xmlns=\"http:\/\/www.w3.org\/2000\/svg\"><path d=\"M285.476 272.971L91.132 467.314c-9.373 9.373-24.569 9.373-33.941 0l-22.667-22.667c-9.357-9.357-9.375-24.522-.04-33.901L188.505 256 34.484 101.255c-9.335-9.379-9.317-24.544.04-33.901l22.667-22.667c9.373-9.373 24.569-9.373 33.941 0L285.475 239.03c9.373 9.372 9.373 24.568.001 33.941z\"><\/path><\/svg>\t\t\t\t\t\t<\/span>\n\t\t\t\t\t\t\t\t\t\t<span class=\"elementor-icon-list-text\">Organization of private holiday home rentals<\/span>\n\t\t\t\t\t\t\t\t\t<\/li>\n\t\t\t\t\t\t\t\t<li class=\"elementor-icon-list-item\">\n\t\t\t\t\t\t\t\t\t\t\t<span class=\"elementor-icon-list-icon\">\n\t\t\t\t\t\t\t<svg aria-hidden=\"true\" class=\"e-font-icon-svg e-fas-chevron-right\" viewbox=\"0 0 320 512\" xmlns=\"http:\/\/www.w3.org\/2000\/svg\"><path d=\"M285.476 272.971L91.132 467.314c-9.373 9.373-24.569 9.373-33.941 0l-22.667-22.667c-9.357-9.357-9.375-24.522-.04-33.901L188.505 256 34.484 101.255c-9.335-9.379-9.317-24.544.04-33.901l22.667-22.667c9.373-9.373 24.569-9.373 33.941 0L285.475 239.03c9.373 9.372 9.373 24.568.001 33.941z\"><\/path><\/svg>\t\t\t\t\t\t<\/span>\n\t\t\t\t\t\t\t\t\t\t<span class=\"elementor-icon-list-text\">Sz\u00e1ll\u00e1sokr\u00f3l \u00e9rdekl\u0151dni lehet: szallas@rcs.hu c\u00edmen, \u00e9s a +36305881607 (Al\u00edz) telefonsz\u00e1mon<\/span>\n\t\t\t\t\t\t\t\t\t<\/li>\n\t\t\t\t\t\t<\/ul>\n\t\t\t\t\t\t<\/div>\n\t\t\t\t<\/div>\n\t\t\t\t<\/div>\n\t\t<div class=\"elementor-element elementor-element-f1911ff e-con-full e-flex elementor-invisible e-con e-child\" data-id=\"f1911ff\" data-element_type=\"container\" data-settings=\"{&quot;animation&quot;:&quot;fadeInRight&quot;}\">\n\t\t\t\t<div class=\"elementor-element elementor-element-98218b1 elementor-widget elementor-widget-image\" data-id=\"98218b1\" data-element_type=\"widget\" data-widget_type=\"image.default\">\n\t\t\t\t<div class=\"elementor-widget-container\">\n\t\t\t\t\t\t\t\t\t\t\t\t\t\t\t<img fetchpriority=\"high\" decoding=\"async\" width=\"1895\" height=\"1410\" src=\"https:\/\/rcs.hu\/wp-content\/uploads\/2024\/03\/IMG_20210223_130523-1.jpg\" class=\"attachment-full size-full wp-image-803\" alt=\"\" srcset=\"https:\/\/rcs.hu\/wp-content\/uploads\/2024\/03\/IMG_20210223_130523-1.jpg 1895w, https:\/\/rcs.hu\/wp-content\/uploads\/2024\/03\/IMG_20210223_130523-1-300x223.jpg 300w, https:\/\/rcs.hu\/wp-content\/uploads\/2024\/03\/IMG_20210223_130523-1-1024x762.jpg 1024w, https:\/\/rcs.hu\/wp-content\/uploads\/2024\/03\/IMG_20210223_130523-1-768x571.jpg 768w, https:\/\/rcs.hu\/wp-content\/uploads\/2024\/03\/IMG_20210223_130523-1-1536x1143.jpg 1536w, https:\/\/rcs.hu\/wp-content\/uploads\/2024\/03\/IMG_20210223_130523-1-600x446.jpg 600w\" sizes=\"(max-width: 1895px) 100vw, 1895px\" \/>\t\t\t\t\t\t\t\t\t\t\t\t\t\t\t<\/div>\n\t\t\t\t<\/div>\n\t\t\t\t<\/div>\n\t\t\t\t<\/div>\n\t\t<div class=\"elementor-element elementor-element-4d9fd32 e-flex e-con-boxed e-con e-parent\" data-id=\"4d9fd32\" data-element_type=\"container\">\n\t\t\t\t\t<div class=\"e-con-inner\">\n\t\t\t\t<div class=\"elementor-element elementor-element-6c57e00 elementor-widget elementor-widget-heading\" data-id=\"6c57e00\" data-element_type=\"widget\" data-widget_type=\"heading.default\">\n\t\t\t\t<div class=\"elementor-widget-container\">\n\t\t\t\t\t<h2 class=\"elementor-heading-title elementor-size-default\">Tenting, Camping<\/h2>\t\t\t\t<\/div>\n\t\t\t\t<\/div>\n\t\t\t\t\t<\/div>\n\t\t\t\t<\/div>\n\t\t<div class=\"elementor-element elementor-element-eb4f355 e-flex e-con-boxed e-con e-parent\" data-id=\"eb4f355\" data-element_type=\"container\">\n\t\t\t\t\t<div class=\"e-con-inner\">\n\t\t<div class=\"elementor-element elementor-element-323dbcd e-con-full e-flex e-con e-child\" data-id=\"323dbcd\" data-element_type=\"container\">\n\t\t\t\t<div class=\"elementor-element elementor-element-1d43688 elementor-widget elementor-widget-image\" data-id=\"1d43688\" data-element_type=\"widget\" data-widget_type=\"image.default\">\n\t\t\t\t<div class=\"elementor-widget-container\">\n\t\t\t\t\t\t\t\t\t\t\t\t\t\t\t<img decoding=\"async\" width=\"1021\" height=\"973\" src=\"https:\/\/rcs.hu\/wp-content\/uploads\/2024\/04\/dron-parti-kempingezok.jpg\" class=\"attachment-large size-large wp-image-1308\" alt=\"\" srcset=\"https:\/\/rcs.hu\/wp-content\/uploads\/2024\/04\/dron-parti-kempingezok.jpg 1021w, https:\/\/rcs.hu\/wp-content\/uploads\/2024\/04\/dron-parti-kempingezok-300x286.jpg 300w, https:\/\/rcs.hu\/wp-content\/uploads\/2024\/04\/dron-parti-kempingezok-768x732.jpg 768w, https:\/\/rcs.hu\/wp-content\/uploads\/2024\/04\/dron-parti-kempingezok-600x572.jpg 600w\" sizes=\"(max-width: 1021px) 100vw, 1021px\" \/>\t\t\t\t\t\t\t\t\t\t\t\t\t\t\t<\/div>\n\t\t\t\t<\/div>\n\t\t\t\t<\/div>\n\t\t<div class=\"elementor-element elementor-element-85b1ecb e-con-full e-flex e-con e-child\" data-id=\"85b1ecb\" data-element_type=\"container\">\n\t\t\t\t<div class=\"elementor-element elementor-element-1f7d6ae elementor-widget elementor-widget-text-editor\" data-id=\"1f7d6ae\" data-element_type=\"widget\" data-widget_type=\"text-editor.default\">\n\t\t\t\t<div class=\"elementor-widget-container\">\n\t\t\t\t\t\t\t\t\t<p>Kunfeh\u00e9rt\u00f3 Camping and Beach is a wooded, grassy tenting area. Pleasant, shady surroundings include rental wooden cabins and a large area for tenting. There are communal bath blocks, two kitchens, and a cozy outdoor barbecue area available for use. Traffic routes and accommodation areas, as well as group reservations, will be marked with tape. There is no possibility for advance booking of individual spots. The camping site is the hub for BMW teams, always bustling with atmosphere! We will also take over the beach next to the camping site. These areas will be the liveliest, with lots of BMWs, roaring engines, etc. The sports field wedged between the Camping and the Beach will host the meeting event location with programs, and a Party Tent until dawn! If you like excitement, this is the place for you!<\/p><p>A quieter tenting option is available at the Youth Camp (Sector 5).<\/p><p>Electricity (230V) is provided in the tenting areas, but the supply is limited, so the use of high-consumption devices (e.g., electric ovens\/hot plates, heaters, air conditioners, etc.) is prohibited!<\/p><p>The campground is pet-friendly! Dogs are allowed in sectors 1 and 2. However, dogs are not allowed on the beach area (sectors 3 and 4).<\/p><p>This accommodation option can be purchased with a pass. The pass is valid for one person for five days and applies to all camping areas. There are no additional charges for car spaces or tent spaces, but there is a tourist tax (IFA): 300 HUF per person per night, which must be paid in addition to the pass price.<\/p>\t\t\t\t\t\t\t\t<\/div>\n\t\t\t\t<\/div>\n\t\t\t\t<\/div>\n\t\t\t\t\t<\/div>\n\t\t\t\t<\/div>\n\t\t<div class=\"elementor-element elementor-element-6ab31ae e-flex e-con-boxed e-con e-parent\" data-id=\"6ab31ae\" data-element_type=\"container\">\n\t\t\t\t\t<div class=\"e-con-inner\">\n\t\t\t\t<div class=\"elementor-element elementor-element-b04de8b elementor-widget elementor-widget-heading\" data-id=\"b04de8b\" data-element_type=\"widget\" data-widget_type=\"heading.default\">\n\t\t\t\t<div class=\"elementor-widget-container\">\n\t\t\t\t\t<h2 class=\"elementor-heading-title elementor-size-default\">Sports camp<\/h2>\t\t\t\t<\/div>\n\t\t\t\t<\/div>\n\t\t\t\t\t<\/div>\n\t\t\t\t<\/div>\n\t\t<div class=\"elementor-element elementor-element-5e13978 e-flex e-con-boxed e-con e-parent\" data-id=\"5e13978\" data-element_type=\"container\">\n\t\t\t\t\t<div class=\"e-con-inner\">\n\t\t<div class=\"elementor-element elementor-element-e2ddc0e e-con-full e-flex e-con e-child\" data-id=\"e2ddc0e\" data-element_type=\"container\">\n\t\t\t\t<div class=\"elementor-element elementor-element-312dfb6 elementor-widget elementor-widget-text-editor\" data-id=\"312dfb6\" data-element_type=\"widget\" data-widget_type=\"text-editor.default\">\n\t\t\t\t<div class=\"elementor-widget-container\">\n\t\t\t\t\t\t\t\t\t<p><span style=\"font-family: Lato, sans-serif; text-align: justify;\">Located right next to the BMW meet-up hub on the beach, this stone building exudes a '90s vibe but is equipped with civilized 4-bed rooms. It includes a shared lounge, a warming kitchen, and communal bathrooms.<\/span><\/p>\t\t\t\t\t\t\t\t<\/div>\n\t\t\t\t<\/div>\n\t\t\t\t<\/div>\n\t\t<div class=\"elementor-element elementor-element-ceae1ae e-con-full e-flex e-con e-child\" data-id=\"ceae1ae\" data-element_type=\"container\">\n\t\t\t\t<div class=\"elementor-element elementor-element-a463acb elementor-widget elementor-widget-image\" data-id=\"a463acb\" data-element_type=\"widget\" data-widget_type=\"image.default\">\n\t\t\t\t<div class=\"elementor-widget-container\">\n\t\t\t\t\t\t\t\t\t\t\t\t\t\t\t<img decoding=\"async\" width=\"983\" height=\"459\" src=\"https:\/\/rcs.hu\/wp-content\/uploads\/2024\/04\/Sporttabor-emelet_6ferohelyes_.jpg\" class=\"attachment-large size-large wp-image-1307\" alt=\"\" srcset=\"https:\/\/rcs.hu\/wp-content\/uploads\/2024\/04\/Sporttabor-emelet_6ferohelyes_.jpg 983w, https:\/\/rcs.hu\/wp-content\/uploads\/2024\/04\/Sporttabor-emelet_6ferohelyes_-300x140.jpg 300w, https:\/\/rcs.hu\/wp-content\/uploads\/2024\/04\/Sporttabor-emelet_6ferohelyes_-768x359.jpg 768w, https:\/\/rcs.hu\/wp-content\/uploads\/2024\/04\/Sporttabor-emelet_6ferohelyes_-600x280.jpg 600w\" sizes=\"(max-width: 983px) 100vw, 983px\" \/>\t\t\t\t\t\t\t\t\t\t\t\t\t\t\t<\/div>\n\t\t\t\t<\/div>\n\t\t\t\t<\/div>\n\t\t\t\t\t<\/div>\n\t\t\t\t<\/div>\n\t\t<div class=\"elementor-element elementor-element-e167214 e-flex e-con-boxed e-con e-parent\" data-id=\"e167214\" data-element_type=\"container\">\n\t\t\t\t\t<div class=\"e-con-inner\">\n\t\t\t\t<div class=\"elementor-element elementor-element-cdc57f2 elementor-widget elementor-widget-heading\" data-id=\"cdc57f2\" data-element_type=\"widget\" data-widget_type=\"heading.default\">\n\t\t\t\t<div class=\"elementor-widget-container\">\n\t\t\t\t\t<h2 class=\"elementor-heading-title elementor-size-default\">Youth \"retro\" Camp. <\/h2>\t\t\t\t<\/div>\n\t\t\t\t<\/div>\n\t\t\t\t\t<\/div>\n\t\t\t\t<\/div>\n\t\t<div class=\"elementor-element elementor-element-0723bc1 e-flex e-con-boxed e-con e-parent\" data-id=\"0723bc1\" data-element_type=\"container\">\n\t\t\t\t\t<div class=\"e-con-inner\">\n\t\t<div class=\"elementor-element elementor-element-1cfac4a e-con-full e-flex e-con e-child\" data-id=\"1cfac4a\" data-element_type=\"container\">\n\t\t\t\t<div class=\"elementor-element elementor-element-47b6397 elementor-widget elementor-widget-image\" data-id=\"47b6397\" data-element_type=\"widget\" data-widget_type=\"image.default\">\n\t\t\t\t<div class=\"elementor-widget-container\">\n\t\t\t\t\t\t\t\t\t\t\t\t\t\t\t<img loading=\"lazy\" decoding=\"async\" width=\"960\" height=\"443\" src=\"https:\/\/rcs.hu\/wp-content\/uploads\/2024\/04\/Gyermek-es-Ifjusagi-Tabor-B10-epulet.jpg\" class=\"attachment-large size-large wp-image-1305\" alt=\"\" srcset=\"https:\/\/rcs.hu\/wp-content\/uploads\/2024\/04\/Gyermek-es-Ifjusagi-Tabor-B10-epulet.jpg 960w, https:\/\/rcs.hu\/wp-content\/uploads\/2024\/04\/Gyermek-es-Ifjusagi-Tabor-B10-epulet-300x138.jpg 300w, https:\/\/rcs.hu\/wp-content\/uploads\/2024\/04\/Gyermek-es-Ifjusagi-Tabor-B10-epulet-768x354.jpg 768w, https:\/\/rcs.hu\/wp-content\/uploads\/2024\/04\/Gyermek-es-Ifjusagi-Tabor-B10-epulet-600x277.jpg 600w\" sizes=\"(max-width: 960px) 100vw, 960px\" \/>\t\t\t\t\t\t\t\t\t\t\t\t\t\t\t<\/div>\n\t\t\t\t<\/div>\n\t\t\t\t<\/div>\n\t\t<div class=\"elementor-element elementor-element-c36c75b e-con-full e-flex e-con e-child\" data-id=\"c36c75b\" data-element_type=\"container\">\n\t\t\t\t<div class=\"elementor-element elementor-element-bfaad02 elementor-widget elementor-widget-text-editor\" data-id=\"bfaad02\" data-element_type=\"widget\" data-widget_type=\"text-editor.default\">\n\t\t\t\t<div class=\"elementor-widget-container\">\n\t\t\t\t\t\t\t\t\t<p>In a wooded, park-like area just a 5-minute walk from the campground, there\u2019s a camp enclosed by a fence featuring several stone buildings and wooden cabins. The rooms, with bunk beds in the style of the '80s, accommodate 4, 5, 8, 10, and 12 persons, mostly sharing bathrooms. This location also hosts the DriftArena, providing a smoky atmosphere during the day with tire burnouts. Tenting is available here as well, and this area is designated for accommodating trailers and visitors arriving in non-BMW vehicles.<\/p>\t\t\t\t\t\t\t\t<\/div>\n\t\t\t\t<\/div>\n\t\t\t\t<\/div>\n\t\t\t\t\t<\/div>\n\t\t\t\t<\/div>\n\t\t<div class=\"elementor-element elementor-element-f1d0935 e-con-full e-flex e-con e-parent\" data-id=\"f1d0935\" data-element_type=\"container\">\n\t\t\t\t<div class=\"elementor-element elementor-element-fa10fef elementor-widget elementor-widget-heading\" data-id=\"fa10fef\" data-element_type=\"widget\" data-widget_type=\"heading.default\">\n\t\t\t\t<div class=\"elementor-widget-container\">\n\t\t\t\t\t<h2 class=\"elementor-heading-title elementor-size-default\">General Accomodation Information<\/h2>\t\t\t\t<\/div>\n\t\t\t\t<\/div>\n\t\t\t\t<div class=\"elementor-element elementor-element-4147d6f elementor-widget elementor-widget-text-editor\" data-id=\"4147d6f\" data-element_type=\"widget\" data-widget_type=\"text-editor.default\">\n\t\t\t\t<div class=\"elementor-widget-container\">\n\t\t\t\t\t\t\t\t\t<p>Reservations become final with the full payment of the total amount.<\/p><p>When choosing your accommodation, please note that there will be three nights of partying between 9pm and 5am in the inner area of \u200b\u200bthe 3rd sector beach, next to the meeting center! The Drift Arena is open during the day at the Youth Camp.<\/p><p>During the BMW meet-up, only BMWs are allowed on the closed-off areas around the lake (campground, sports field, beach). It is not permitted to be in the area with cars of other brands. Those arriving with trailers or non-BMW vehicles have the option to park in the external parking lots or at the Youth Camp.<\/p><p>In Kunfeh\u00e9rt\u00f3, a tourist tax of 300 HUF per person per night must be paid. Upon booking or at the latest upon arrival, we request the details of all guests for the tourist tax declaration and the mandatory notification to the Hungarian Tourism Agency.<\/p><p class=\" translation-block\">For further questions regarding accommodations, please contact us at <strong>szallas (at) rcs.hu.<\/strong><\/p>\t\t\t\t\t\t\t\t<\/div>\n\t\t\t\t<\/div>\n\t\t\t\t<\/div>\n\t\t\t\t<\/div>","protected":false},"excerpt":{"rendered":"<p>Sz\u00e1ll\u00e1s Kunfeh\u00e9rt\u00f3 Kemping \u00e9s Strand (fah\u00e1z, s\u00e1toroz\u00e1s \u00e9s parkol\u00e1s a t\u00f3parton) Sportt\u00e1bor (4 \u00e1gyas szob\u00e1k k\u0151h\u00e1zban \u00e9s parkol\u00e1s a t\u00f3parton) Ifj\u00fas\u00e1gi t\u00e1bor (fah\u00e1zak, k\u0151h\u00e1zak \u00e9s parkol\u00e1s). 5 perc s\u00e9t\u00e1ra a [&hellip;]<\/p>","protected":false},"author":1,"featured_media":0,"parent":0,"menu_order":0,"comment_status":"closed","ping_status":"closed","template":"","meta":{"site-sidebar-layout":"no-sidebar","site-content-layout":"","ast-site-content-layout":"full-width-container","site-content-style":"default","site-sidebar-style":"default","ast-global-header-display":"","ast-banner-title-visibility":"","ast-main-header-display":"","ast-hfb-above-header-display":"","ast-hfb-below-header-display":"","ast-hfb-mobile-header-display":"","site-post-title":"disabled","ast-breadcrumbs-content":"","ast-featured-img":"disabled","footer-sml-layout":"","theme-transparent-header-meta":"","adv-header-id-meta":"","stick-header-meta":"","header-above-stick-meta":"","header-main-stick-meta":"","header-below-stick-meta":"","astra-migrate-meta-layouts":"default","ast-page-background-enabled":"default","ast-page-background-meta":{"desktop":{"background-color":"var(--ast-global-color-4)","background-image":"","background-repeat":"repeat","background-position":"center center","background-size":"auto","background-attachment":"scroll","background-type":"","background-media":"","overlay-type":"","overlay-color":"","overlay-gradient":""},"tablet":{"background-color":"","background-image":"","background-repeat":"repeat","background-position":"center center","background-size":"auto","background-attachment":"scroll","background-type":"","background-media":"","overlay-type":"","overlay-color":"","overlay-gradient":""},"mobile":{"background-color":"","background-image":"","background-repeat":"repeat","background-position":"center center","background-size":"auto","background-attachment":"scroll","background-type":"","background-media":"","overlay-type":"","overlay-color":"","overlay-gradient":""}},"ast-content-background-meta":{"desktop":{"background-color":"var(--ast-global-color-5)","background-image":"","background-repeat":"repeat","background-position":"center center","background-size":"auto","background-attachment":"scroll","background-type":"","background-media":"","overlay-type":"","overlay-color":"","overlay-gradient":""},"tablet":{"background-color":"var(--ast-global-color-5)","background-image":"","background-repeat":"repeat","background-position":"center center","background-size":"auto","background-attachment":"scroll","background-type":"","background-media":"","overlay-type":"","overlay-color":"","overlay-gradient":""},"mobile":{"background-color":"var(--ast-global-color-5)","background-image":"","background-repeat":"repeat","background-position":"center center","background-size":"auto","background-attachment":"scroll","background-type":"","background-media":"","overlay-type":"","overlay-color":"","overlay-gradient":""}},"_price":"","_stock":"","_tribe_ticket_header":"","_tribe_default_ticket_provider":"","_tribe_ticket_capacity":"0","_ticket_start_date":"","_ticket_end_date":"","_tribe_ticket_show_description":"","_tribe_ticket_show_not_going":false,"_tribe_ticket_use_global_stock":"","_tribe_ticket_global_stock_level":"","_global_stock_mode":"","_global_stock_cap":"","_tribe_rsvp_for_event":"","_tribe_ticket_going_count":"","_tribe_ticket_not_going_count":"","_tribe_tickets_list":"[]","_tribe_ticket_has_attendee_info_fields":false,"footnotes":""},"class_list":["post-724","page","type-page","status-publish","hentry"],"ticketed":false,"_links":{"self":[{"href":"https:\/\/rcs.hu\/en\/wp-json\/wp\/v2\/pages\/724","targetHints":{"allow":["GET"]}}],"collection":[{"href":"https:\/\/rcs.hu\/en\/wp-json\/wp\/v2\/pages"}],"about":[{"href":"https:\/\/rcs.hu\/en\/wp-json\/wp\/v2\/types\/page"}],"author":[{"embeddable":true,"href":"https:\/\/rcs.hu\/en\/wp-json\/wp\/v2\/users\/1"}],"replies":[{"embeddable":true,"href":"https:\/\/rcs.hu\/en\/wp-json\/wp\/v2\/comments?post=724"}],"version-history":[{"count":25,"href":"https:\/\/rcs.hu\/en\/wp-json\/wp\/v2\/pages\/724\/revisions"}],"predecessor-version":[{"id":4314,"href":"https:\/\/rcs.hu\/en\/wp-json\/wp\/v2\/pages\/724\/revisions\/4314"}],"wp:attachment":[{"href":"https:\/\/rcs.hu\/en\/wp-json\/wp\/v2\/media?parent=724"}],"curies":[{"name":"wp","href":"https:\/\/api.w.org\/{rel}","templated":true}]}}