{"id":501,"date":"2024-03-13T10:24:58","date_gmt":"2024-03-13T10:24:58","guid":{"rendered":"https:\/\/rcs.sybell.net\/?page_id=501"},"modified":"2024-03-13T10:30:52","modified_gmt":"2024-03-13T10:30:52","slug":"adattovabbitasi-nyilatkozat","status":"publish","type":"page","link":"https:\/\/rcs.hu\/en\/adattovabbitasi-nyilatkozat\/","title":{"rendered":"Data transfer policy"},"content":{"rendered":"<div data-elementor-type=\"wp-page\" data-elementor-id=\"501\" class=\"elementor elementor-501\" data-elementor-post-type=\"page\">\n\t\t\t\t<div class=\"elementor-element elementor-element-cc6f728 e-con-full e-flex e-con e-parent\" data-id=\"cc6f728\" data-element_type=\"container\">\n\t\t\t\t<div class=\"elementor-element elementor-element-3fa91bc elementor-invisible elementor-widget elementor-widget-heading\" data-id=\"3fa91bc\" data-element_type=\"widget\" data-settings=\"{&quot;_animation&quot;:&quot;fadeIn&quot;}\" data-widget_type=\"heading.default\">\n\t\t\t\t<div class=\"elementor-widget-container\">\n\t\t\t\t\t<h2 class=\"elementor-heading-title elementor-size-default\">Data transfer policy<\/h2>\t\t\t\t<\/div>\n\t\t\t\t<\/div>\n\t\t\t\t<div class=\"elementor-element elementor-element-7495ab5 elementor-widget elementor-widget-text-editor\" data-id=\"7495ab5\" data-element_type=\"widget\" data-widget_type=\"text-editor.default\">\n\t\t\t\t<div class=\"elementor-widget-container\">\n\t\t\t\t\t\t\t\t\t<p>Tudom\u00e1sul veszem, hogy a <strong>RCS POWER Kft. (6230 Soltvadkert Sz\u0151l\u0151 u. 66.)<\/strong> adatkezel\u0151 \u00e1ltal a<br \/><strong>rcs.hu<\/strong> felhaszn\u00e1l\u00f3i adatb\u00e1zis\u00e1ban t\u00e1rolt al\u00e1bbi szem\u00e9lyes<br \/>adataim \u00e1tad\u00e1sra ker\u00fclnek az <strong>OTP Mobil Kft.<\/strong> (1093 Budapest, K\u00f6zrakt\u00e1r u. 30-32.), mint adatfeldolgoz\u00f3 r\u00e9sz\u00e9re. Az adatkezel\u0151 \u00e1ltal tov\u00e1bb\u00edtott adatok k\u00f6re az al\u00e1bbi:<br \/><strong>n\u00e9v, fizet\u00e9si adatok, e-mail c\u00edm<\/strong><br \/>Az adatfeldolgoz\u00f3 \u00e1ltal v\u00e9gzett adatfeldolgoz\u00e1si tev\u00e9kenys\u00e9g jellege \u00e9s c\u00e9lja a<br \/>SimplePay Adatkezel\u00e9si t\u00e1j\u00e9koztat\u00f3ban, az al\u00e1bbi linken tekinthet\u0151 meg:<br \/>http:\/\/simplepay.hu\/vasarlo-aff<\/p>\t\t\t\t\t\t\t\t<\/div>\n\t\t\t\t<\/div>\n\t\t\t\t<\/div>\n\t\t\t\t<\/div>","protected":false},"excerpt":{"rendered":"<p>Adattov\u00e1bb\u00edt\u00e1si nyilatkozat Tudom\u00e1sul veszem, hogy a RCS POWER Kft. (6230 Soltvadkert Sz\u0151l\u0151 u. 66.) adatkezel\u0151 \u00e1ltal arcs.hu felhaszn\u00e1l\u00f3i adatb\u00e1zis\u00e1ban t\u00e1rolt al\u00e1bbi szem\u00e9lyesadataim \u00e1tad\u00e1sra ker\u00fclnek az OTP Mobil Kft. (1093 Budapest, [&hellip;]<\/p>","protected":false},"author":1,"featured_media":0,"parent":0,"menu_order":0,"comment_status":"closed","ping_status":"closed","template":"elementor_header_footer","meta":{"site-sidebar-layout":"no-sidebar","site-content-layout":"","ast-site-content-layout":"full-width-container","site-content-style":"default","site-sidebar-style":"default","ast-global-header-display":"","ast-banner-title-visibility":"","ast-main-header-display":"","ast-hfb-above-header-display":"","ast-hfb-below-header-display":"","ast-hfb-mobile-header-display":"","site-post-title":"disabled","ast-breadcrumbs-content":"","ast-featured-img":"disabled","footer-sml-layout":"","theme-transparent-header-meta":"","adv-header-id-meta":"","stick-header-meta":"","header-above-stick-meta":"","header-main-stick-meta":"","header-below-stick-meta":"","astra-migrate-meta-layouts":"default","ast-page-background-enabled":"default","ast-page-background-meta":{"desktop":{"background-color":"var(--ast-global-color-4)","background-image":"","background-repeat":"repeat","background-position":"center center","background-size":"auto","background-attachment":"scroll","background-type":"","background-media":"","overlay-type":"","overlay-color":"","overlay-gradient":""},"tablet":{"background-color":"","background-image":"","background-repeat":"repeat","background-position":"center center","background-size":"auto","background-attachment":"scroll","background-type":"","background-media":"","overlay-type":"","overlay-color":"","overlay-gradient":""},"mobile":{"background-color":"","background-image":"","background-repeat":"repeat","background-position":"center center","background-size":"auto","background-attachment":"scroll","background-type":"","background-media":"","overlay-type":"","overlay-color":"","overlay-gradient":""}},"ast-content-background-meta":{"desktop":{"background-color":"var(--ast-global-color-5)","background-image":"","background-repeat":"repeat","background-position":"center center","background-size":"auto","background-attachment":"scroll","background-type":"","background-media":"","overlay-type":"","overlay-color":"","overlay-gradient":""},"tablet":{"background-color":"var(--ast-global-color-5)","background-image":"","background-repeat":"repeat","background-position":"center center","background-size":"auto","background-attachment":"scroll","background-type":"","background-media":"","overlay-type":"","overlay-color":"","overlay-gradient":""},"mobile":{"background-color":"var(--ast-global-color-5)","background-image":"","background-repeat":"repeat","background-position":"center center","background-size":"auto","background-attachment":"scroll","background-type":"","background-media":"","overlay-type":"","overlay-color":"","overlay-gradient":""}},"_price":"","_stock":"","_tribe_ticket_header":"","_tribe_default_ticket_provider":"","_tribe_ticket_capacity":"0","_ticket_start_date":"","_ticket_end_date":"","_tribe_ticket_show_description":"","_tribe_ticket_show_not_going":false,"_tribe_ticket_use_global_stock":"","_tribe_ticket_global_stock_level":"","_global_stock_mode":"","_global_stock_cap":"","_tribe_rsvp_for_event":"","_tribe_ticket_going_count":"","_tribe_ticket_not_going_count":"","_tribe_tickets_list":"[]","_tribe_ticket_has_attendee_info_fields":false,"footnotes":""},"class_list":["post-501","page","type-page","status-publish","hentry"],"ticketed":false,"_links":{"self":[{"href":"https:\/\/rcs.hu\/en\/wp-json\/wp\/v2\/pages\/501","targetHints":{"allow":["GET"]}}],"collection":[{"href":"https:\/\/rcs.hu\/en\/wp-json\/wp\/v2\/pages"}],"about":[{"href":"https:\/\/rcs.hu\/en\/wp-json\/wp\/v2\/types\/page"}],"author":[{"embeddable":true,"href":"https:\/\/rcs.hu\/en\/wp-json\/wp\/v2\/users\/1"}],"replies":[{"embeddable":true,"href":"https:\/\/rcs.hu\/en\/wp-json\/wp\/v2\/comments?post=501"}],"version-history":[{"count":4,"href":"https:\/\/rcs.hu\/en\/wp-json\/wp\/v2\/pages\/501\/revisions"}],"predecessor-version":[{"id":505,"href":"https:\/\/rcs.hu\/en\/wp-json\/wp\/v2\/pages\/501\/revisions\/505"}],"wp:attachment":[{"href":"https:\/\/rcs.hu\/en\/wp-json\/wp\/v2\/media?parent=501"}],"curies":[{"name":"wp","href":"https:\/\/api.w.org\/{rel}","templated":true}]}}