{"id":353,"date":"2024-03-03T16:17:26","date_gmt":"2024-03-03T16:17:26","guid":{"rendered":"https:\/\/dev.mentamedia.hu\/?page_id=353"},"modified":"2026-03-06T13:01:28","modified_gmt":"2026-03-06T12:01:28","slug":"adatkezelesi-szabalyzat","status":"publish","type":"page","link":"https:\/\/rcs.hu\/en\/adatkezelesi-szabalyzat\/","title":{"rendered":"Adatkezel\u00e9si Szab\u00e1lyzat"},"content":{"rendered":"<div data-elementor-type=\"wp-page\" data-elementor-id=\"353\" class=\"elementor elementor-353\" data-elementor-post-type=\"page\">\n\t\t\t\t<div class=\"elementor-element elementor-element-cdf7ed4 e-con-full e-flex e-con e-parent\" data-id=\"cdf7ed4\" data-element_type=\"container\">\n\t\t\t\t<div class=\"elementor-element elementor-element-e6d4bf0 elementor-invisible elementor-widget elementor-widget-heading\" data-id=\"e6d4bf0\" data-element_type=\"widget\" data-settings=\"{&quot;_animation&quot;:&quot;fadeIn&quot;}\" data-widget_type=\"heading.default\">\n\t\t\t\t<div class=\"elementor-widget-container\">\n\t\t\t\t\t<h2 class=\"elementor-heading-title elementor-size-default\">Adatkezel\u00e9si Szab\u00e1lyzat nyerem\u00e9nyj\u00e1t\u00e9khoz<\/h2>\t\t\t\t<\/div>\n\t\t\t\t<\/div>\n\t\t\t\t<div class=\"elementor-element elementor-element-7ef0c7a elementor-widget elementor-widget-text-editor\" data-id=\"7ef0c7a\" data-element_type=\"widget\" data-widget_type=\"text-editor.default\">\n\t\t\t\t<div class=\"elementor-widget-container\">\n\t\t\t\t\t\t\t\t\t<p>A Szervez\u0151 (RCS Power Kft.) a <a href=\"https:\/\/rcs.hu\/en\/nyeremenyjatek\/\">J\u00e1t\u00e9khoz<\/a> kapcsol\u00f3d\u00f3an kiz\u00e1r\u00f3lag a J\u00e1t\u00e9k lebonyol\u00edt\u00e1sa \u00e9s a kapcsol\u00f3d\u00f3 t\u00f6rv\u00e9nyi k\u00f6telezetts\u00e9gek teljes\u00edt\u00e9se \u00e9rdek\u00e9ben, az al\u00e1bbiakban meghat\u00e1rozott adatokat kezeli: a J\u00e1t\u00e9kos neve, e-mail c\u00edme, \u00e9s telefonsz\u00e1ma. A nyertes J\u00e1t\u00e9kosok eset\u00e9ben Szervez\u0151 tov\u00e1bbi szem\u00e9lyes adatokat is elk\u00e9rhet a nyerem\u00e9ny \u00e1tad\u00e1s\u00e1val \u00f6sszef\u00fcgg\u00e9sben.<br \/>A be\u00e9rkezett J\u00e1t\u00e9k regisztr\u00e1ci\u00f3k alapj\u00e1n szerzett adatok bizalmasak, azokat az adatfeldolgoz\u00e1st v\u00e9gz\u0151 Szervez\u0151 dolgozza fel. Az adatokhoz rajtuk k\u00edv\u00fcl kiz\u00e1r\u00f3lag a sorsol\u00e1st lebonyol\u00edt\u00f3 k\u00f6zjegyz\u0151 \u00e9s az adatkezel\u0151, vagyis a Szervez\u0151 f\u00e9r hozz\u00e1.<br \/>A J\u00e1t\u00e9kban r\u00e9sztvev\u0151 J\u00e1t\u00e9kosok r\u00e9szv\u00e9tel\u00fckkel automatikusan tudom\u00e1sul veszik \u00e9s elfogadj\u00e1k a J\u00e1t\u00e9k hivatalos <a href=\"https:\/\/rcs.hu\/en\/nyeremenyjatek-szabalyzat\/\">j\u00e1t\u00e9kszab\u00e1ly\u00e1t<\/a> \u00e9s jelen adatv\u00e9delmi szab\u00e1lyzat\u00e1t, valamint tudom\u00e1sul veszik, hogy:<br \/>1. az adatszolg\u00e1ltat\u00e1s \u00f6nk\u00e9ntes, az adatkezel\u00e9s az adatok \u00e1tad\u00e1s\u00e1val megadott \u00f6nk\u00e9ntes hozz\u00e1j\u00e1rul\u00e1suk\u00a0alapj\u00e1n t\u00f6rt\u00e9nik, a J\u00e1t\u00e9kos a hozz\u00e1j\u00e1rul\u00e1st az adatkezel\u00e9s tekintet\u00e9ben a J\u00e1t\u00e9kban r\u00e9szv\u00e9tellel, vagyis regisztr\u00e1ci\u00f3j\u00e1val\u00a0adja meg,<br \/>2. adataik feldolgoz\u00e1s\u00e1t a kisorsolt nyertesekre vonatkoz\u00f3an az RCS Power\u00a0Kft. v\u00e9gzi.<br \/>3. a Szervez\u0151 d\u00edjmentesen felhaszn\u00e1lja a J\u00e1t\u00e9kosok szem\u00e9lyi adatait \u00e9s szem\u00e9lyes jelleg\u0171 inform\u00e1ci\u00f3it a\u00a0J\u00e1t\u00e9k lebonyol\u00edt\u00e1sa \u00e9s dokument\u00e1l\u00e1sa c\u00e9lj\u00e1ra;<br \/>4. a nyertes J\u00e1t\u00e9kos adatait, a nev\u00e9nek, kiz\u00e1r\u00f3lag a telep\u00fcl\u00e9s k\u00f6zigazgat\u00e1si megnevez\u00e9s\u00e9vel a Szervez\u0151\u00a0nyilv\u00e1noss\u00e1gra hozhatja.<br \/>5. A nyerem\u00e9ny szem\u00e9lyes \u00e1tv\u00e9tele eset\u00e9n visszavonhatatlanul v\u00e1llalja a\u00a0r\u00e9szv\u00e9telt \u00e9s egy\u00fcttm\u0171k\u00f6d\u00e9st, a J\u00e1t\u00e9kot n\u00e9pszer\u0171s\u00edt\u0151, illetve a nyerem\u00e9nnyel kapcsolatos rekl\u00e1m \u00e9s egy\u00e9b marketing anyagok elk\u00e9sz\u00edt\u00e9se sor\u00e1n. Ebbe beletartozik a J\u00e1t\u00e9kkal \u00e9s a nyerem\u00e9ny\u00e1tv\u00e9tellel kapcsolatos f\u00e9nyk\u00e9pek, vide\u00f3k k\u00e9sz\u00edt\u00e9se, valamint azok k\u00f6zz\u00e9t\u00e9tele.<br \/>6. Minden tov\u00e1bbi a J\u00e1t\u00e9kban t\u00f6rt\u00e9n\u0151 r\u00e9szv\u00e9tel sor\u00e1n megszerzett szem\u00e9lyes adatot a Szervez\u0151\u00a0a J\u00e1t\u00e9k lez\u00e1r\u00e1s\u00e1t k\u00f6vet\u0151en megsemmis\u00edti, azok marketing c\u00e9lokra nem ker\u00fclnek felhaszn\u00e1l\u00e1sra, kiv\u00e9ve azon J\u00e1t\u00e9kosok eset\u00e9n, akik a regisztr\u00e1ci\u00f3 sor\u00e1n megadj\u00e1k a marketing c\u00e9l\u00fa hozz\u00e1j\u00e1rul\u00e1sukat, beleegyez\u00e9s\u00fcket adj\u00e1k ahhoz, hogy: a regisztr\u00e1ci\u00f3 sor\u00e1n, \u00f6nk\u00e9ntes m\u00f3don az \u00e1ltala megadott nevet \u00e9s e-mail c\u00edmet marketingc\u00e9l\u00fa felhaszn\u00e1l\u00e1sra \u00e9s h\u00edrlevelek eljuttat\u00e1sa c\u00e9lj\u00e1b\u00f3l enged\u00e9lyezi az RCS Power Kft. sz\u00e1m\u00e1ra a gazdas\u00e1gi rekl\u00e1mtev\u00e9kenys\u00e9g alapvet\u0151 felt\u00e9teleir\u0151l \u00e9s egyes korl\u00e1tair\u00f3l sz\u00f3l\u00f3 2008. \u00e9vi XLVIII. t\u00f6rv\u00e9ny 6. \u00a7-nak \u00e9s a kutat\u00e1s \u00e9s a k\u00f6zvetlen \u00fczletszerz\u00e9s c\u00e9lj\u00e1t szolg\u00e1l\u00f3 n\u00e9v- \u00e9s lakc\u00edmadatok kezel\u00e9s\u00e9r\u0151l sz\u00f3l\u00f3 1995. \u00e9vi CXIX. t\u00f6rv\u00e9ny k\u00f6zvetlen \u00fczletszerz\u00e9si c\u00e9l\u00fa adatkezel\u00e9sre vonatkoz\u00f3 rendelkez\u00e9seinek<br \/>megfelel\u0151en.<\/p><p>A J\u00e1t\u00e9k sor\u00e1n megszerzett tov\u00e1bbi szem\u00e9lyes adatok csak a J\u00e1t\u00e9k lebonyol\u00edt\u00e1sa c\u00e9lj\u00e1b\u00f3l ker\u00fclnek felhaszn\u00e1l\u00e1sra \u00e9s a J\u00e1t\u00e9k befejez\u00e9s\u00e9t vagy a J\u00e1t\u00e9kos adatkezel\u00e9si hozz\u00e1j\u00e1rul\u00e1s\u00e1nak visszavon\u00e1s\u00e1t k\u00f6vet\u0151en megsemmis\u00edt\u00e9sre ker\u00fclnek.<br \/>Az egyes adatkezel\u0151k a J\u00e1t\u00e9kosok szem\u00e9lyes adatait (n\u00e9v, e-mail c\u00edm) addig kezelik, m\u00edg az adatkezel\u00e9s c\u00e9lja megsz\u0171nik, vagy az adatalany az adatkezel\u0151h\u00f6z c\u00edmzetten a megadott hozz\u00e1j\u00e1rul\u00e1s\u00e1t vissza nem vonja, de a regisztr\u00e1ci\u00f3t\u00f3l sz\u00e1m\u00edtott maximum 5 \u00e9vig.<br \/>Az adatok az adattulajdonos (J\u00e1t\u00e9kos) el\u0151zetes t\u00e1j\u00e9koztat\u00e1sa \u00e9s enged\u00e9lye n\u00e9lk\u00fcl harmadik szem\u00e9ly r\u00e9sz\u00e9re nem ker\u00fclnek \u00e1tad\u00e1sra, ide nem \u00e9rtve a jogszab\u00e1lyokban meghat\u00e1rozott eseteket. A Szervez\u0151 szavatolja, hogy az adatkezel\u00e9s mindenben a hat\u00e1lyos jogszab\u00e1lyi rendelkez\u00e9sek megtart\u00e1s\u00e1val t\u00f6rt\u00e9nik. Az adatkezel\u00e9ssel kapcsolatos jogokat \u00e9s a jogorvoslati lehet\u0151s\u00e9g szab\u00e1lyait az inform\u00e1ci\u00f3s \u00f6nrendelkez\u00e9si jogr\u00f3l \u00e9s az inform\u00e1ci\u00f3szabads\u00e1gr\u00f3l sz\u00f3l\u00f3 2011. \u00e9vi CXII. t\u00f6rv\u00e9ny tartalmazza, amely szerint a J\u00e1t\u00e9kos k\u00e9rheti szem\u00e9lyes adatainak helyesb\u00edt\u00e9s\u00e9t, t\u00f6rl\u00e9s\u00e9t, valamint azok kezel\u00e9s\u00e9r\u0151l sz\u00f3l\u00f3 t\u00e1j\u00e9koztat\u00e1st, tov\u00e1bb\u00e1 jogorvoslat\u00e9rt b\u00edr\u00f3s\u00e1ghoz fordulhat. Azok a J\u00e1t\u00e9kosok, akik t\u00f6r\u00f6ltetni vagy m\u00f3dos\u00edtani k\u00edv\u00e1nj\u00e1k adataikat az adatb\u00e1zisban, ezt korl\u00e1toz\u00e1s \u00e9s indokol\u00e1s n\u00e9lk\u00fcl, valamint ingyenesen k\u00e9rhetik:<br \/>\u2013\u00a0 az info@rcs.hu e-mail c\u00edmen, adatt\u00f6rl\u00e9s t\u00e1rggyal.<br \/>\u2013 a Szervez\u0151 postac\u00edm\u00e9re (RCS Power Kft., 6230 Soltvadkert, Sz\u0151l\u0151 u. 66.) k\u00fcld\u00f6tt lev\u00e9lben, a bor\u00edt\u00e9kon felt\u00fcntetve \u201eRCS Meetup BMW tal\u00e1lkoz\u00f3 adatv\u00e9delmi k\u00e9relem\u201d.<\/p><p>A J\u00e1t\u00e9kos tudom\u00e1sul veszi, hogy a J\u00e1t\u00e9k id\u0151tartama alatt az adatainak a t\u00f6rl\u00e9se a J\u00e1t\u00e9kb\u00f3l val\u00f3 kiz\u00e1r\u00e1s\u00e1t eredm\u00e9nyezi, mivel a Szervez\u0151 az adatok hi\u00e1ny\u00e1ban nem tudja biztos\u00edtani a J\u00e1t\u00e9kos r\u00e9szv\u00e9tel\u00e9t. A J\u00e1t\u00e9kost megilleti a szem\u00e9lyes adatai kezel\u00e9se elleni tiltakoz\u00e1s joga is. A Szervez\u0151 a tiltakoz\u00e1st a k\u00e9relem beny\u00fajt\u00e1s\u00e1t\u00f3l sz\u00e1m\u00edtott legr\u00f6videbb id\u0151n bel\u00fcl, de legfeljebb 15 napon bel\u00fcl megvizsg\u00e1lja, annak megalapozotts\u00e1ga k\u00e9rd\u00e9s\u00e9ben d\u00f6nt\u00e9st hoz, \u00e9s d\u00f6nt\u00e9s\u00e9r\u0151l a k\u00e9relmez\u0151t \u00edr\u00e1sban t\u00e1j\u00e9koztatja. A J\u00e1t\u00e9kos az Info.tv. valamint a Polg\u00e1ri T\u00f6rv\u00e9nyk\u00f6nyv (2013. \u00e9vi V. t\u00f6rv\u00e9ny) alapj\u00e1n b\u00edr\u00f3s\u00e1g el\u0151tt \u00e9rv\u00e9nyes\u00edtheti jogait, vagy a Nemzeti Adatv\u00e9delmi \u00e9s Inform\u00e1ci\u00f3szabads\u00e1g Hat\u00f3s\u00e1ghoz (1125 Budapest, Szil\u00e1gyi Erzs\u00e9bet fasor 22\/c.; www.naih.hu) fordulhat.<\/p>\t\t\t\t\t\t\t\t<\/div>\n\t\t\t\t<\/div>\n\t\t\t\t<\/div>\n\t\t\t\t<\/div>","protected":false},"excerpt":{"rendered":"<p>Adatkezel\u00e9si Szab\u00e1lyzat nyerem\u00e9nyj\u00e1t\u00e9khoz A Szervez\u0151 (RCS Power Kft.) a J\u00e1t\u00e9khoz kapcsol\u00f3d\u00f3an kiz\u00e1r\u00f3lag a J\u00e1t\u00e9k lebonyol\u00edt\u00e1sa \u00e9s a kapcsol\u00f3d\u00f3 t\u00f6rv\u00e9nyi k\u00f6telezetts\u00e9gek teljes\u00edt\u00e9se \u00e9rdek\u00e9ben, az al\u00e1bbiakban meghat\u00e1rozott adatokat kezeli: a J\u00e1t\u00e9kos neve, [&hellip;]<\/p>","protected":false},"author":1,"featured_media":0,"parent":0,"menu_order":0,"comment_status":"closed","ping_status":"closed","template":"elementor_header_footer","meta":{"site-sidebar-layout":"no-sidebar","site-content-layout":"","ast-site-content-layout":"full-width-container","site-content-style":"default","site-sidebar-style":"default","ast-global-header-display":"","ast-banner-title-visibility":"","ast-main-header-display":"","ast-hfb-above-header-display":"","ast-hfb-below-header-display":"","ast-hfb-mobile-header-display":"","site-post-title":"disabled","ast-breadcrumbs-content":"","ast-featured-img":"disabled","footer-sml-layout":"","theme-transparent-header-meta":"","adv-header-id-meta":"","stick-header-meta":"","header-above-stick-meta":"","header-main-stick-meta":"","header-below-stick-meta":"","astra-migrate-meta-layouts":"default","ast-page-background-enabled":"default","ast-page-background-meta":{"desktop":{"background-color":"var(--ast-global-color-4)","background-image":"","background-repeat":"repeat","background-position":"center center","background-size":"auto","background-attachment":"scroll","background-type":"","background-media":"","overlay-type":"","overlay-color":"","overlay-gradient":""},"tablet":{"background-color":"","background-image":"","background-repeat":"repeat","background-position":"center center","background-size":"auto","background-attachment":"scroll","background-type":"","background-media":"","overlay-type":"","overlay-color":"","overlay-gradient":""},"mobile":{"background-color":"","background-image":"","background-repeat":"repeat","background-position":"center center","background-size":"auto","background-attachment":"scroll","background-type":"","background-media":"","overlay-type":"","overlay-color":"","overlay-gradient":""}},"ast-content-background-meta":{"desktop":{"background-color":"var(--ast-global-color-5)","background-image":"","background-repeat":"repeat","background-position":"center center","background-size":"auto","background-attachment":"scroll","background-type":"","background-media":"","overlay-type":"","overlay-color":"","overlay-gradient":""},"tablet":{"background-color":"var(--ast-global-color-5)","background-image":"","background-repeat":"repeat","background-position":"center center","background-size":"auto","background-attachment":"scroll","background-type":"","background-media":"","overlay-type":"","overlay-color":"","overlay-gradient":""},"mobile":{"background-color":"var(--ast-global-color-5)","background-image":"","background-repeat":"repeat","background-position":"center center","background-size":"auto","background-attachment":"scroll","background-type":"","background-media":"","overlay-type":"","overlay-color":"","overlay-gradient":""}},"_price":"","_stock":"","_tribe_ticket_header":"","_tribe_default_ticket_provider":"","_tribe_ticket_capacity":"0","_ticket_start_date":"","_ticket_end_date":"","_tribe_ticket_show_description":"","_tribe_ticket_show_not_going":false,"_tribe_ticket_use_global_stock":"","_tribe_ticket_global_stock_level":"","_global_stock_mode":"","_global_stock_cap":"","_tribe_rsvp_for_event":"","_tribe_ticket_going_count":"","_tribe_ticket_not_going_count":"","_tribe_tickets_list":"[]","_tribe_ticket_has_attendee_info_fields":false,"footnotes":""},"class_list":["post-353","page","type-page","status-publish","hentry"],"ticketed":false,"_links":{"self":[{"href":"https:\/\/rcs.hu\/en\/wp-json\/wp\/v2\/pages\/353","targetHints":{"allow":["GET"]}}],"collection":[{"href":"https:\/\/rcs.hu\/en\/wp-json\/wp\/v2\/pages"}],"about":[{"href":"https:\/\/rcs.hu\/en\/wp-json\/wp\/v2\/types\/page"}],"author":[{"embeddable":true,"href":"https:\/\/rcs.hu\/en\/wp-json\/wp\/v2\/users\/1"}],"replies":[{"embeddable":true,"href":"https:\/\/rcs.hu\/en\/wp-json\/wp\/v2\/comments?post=353"}],"version-history":[{"count":3,"href":"https:\/\/rcs.hu\/en\/wp-json\/wp\/v2\/pages\/353\/revisions"}],"predecessor-version":[{"id":4258,"href":"https:\/\/rcs.hu\/en\/wp-json\/wp\/v2\/pages\/353\/revisions\/4258"}],"wp:attachment":[{"href":"https:\/\/rcs.hu\/en\/wp-json\/wp\/v2\/media?parent=353"}],"curies":[{"name":"wp","href":"https:\/\/api.w.org\/{rel}","templated":true}]}}