{"id":276,"date":"2024-03-02T17:26:43","date_gmt":"2024-03-02T17:26:43","guid":{"rendered":"https:\/\/dev.mentamedia.hu\/?page_id=276"},"modified":"2025-06-08T10:38:13","modified_gmt":"2025-06-08T09:38:13","slug":"informacio","status":"publish","type":"page","link":"https:\/\/rcs.hu\/en\/informacio\/","title":{"rendered":"Information"},"content":{"rendered":"<div data-elementor-type=\"wp-page\" data-elementor-id=\"276\" class=\"elementor elementor-276\" data-elementor-post-type=\"page\">\n\t\t\t\t<div class=\"elementor-element elementor-element-5735b68 e-con-full e-flex e-con e-parent\" data-id=\"5735b68\" data-element_type=\"container\" data-settings=\"{&quot;background_background&quot;:&quot;classic&quot;,&quot;shape_divider_bottom&quot;:&quot;opacity-tilt&quot;}\">\n\t\t\t\t<div class=\"elementor-shape elementor-shape-bottom\" data-negative=\"false\">\n\t\t\t<svg xmlns=\"http:\/\/www.w3.org\/2000\/svg\" viewbox=\"0 0 2600 131.1\" preserveaspectratio=\"none\">\n\t<path class=\"elementor-shape-fill\" d=\"M0 0L2600 0 2600 69.1 0 0z\"\/>\n\t<path class=\"elementor-shape-fill\" style=\"opacity:0.5\" d=\"M0 0L2600 0 2600 69.1 0 69.1z\"\/>\n\t<path class=\"elementor-shape-fill\" style=\"opacity:0.25\" d=\"M2600 0L0 0 0 130.1 2600 69.1z\"\/>\n<\/svg>\t\t<\/div>\n\t\t\t\t<\/div>\n\t\t<div class=\"elementor-element elementor-element-7e3e958 e-con-full e-flex e-con e-parent\" data-id=\"7e3e958\" data-element_type=\"container\" data-settings=\"{&quot;background_background&quot;:&quot;classic&quot;}\">\n\t\t\t\t<div class=\"elementor-element elementor-element-989e155 elementor-invisible elementor-widget elementor-widget-heading\" data-id=\"989e155\" data-element_type=\"widget\" data-settings=\"{&quot;_animation&quot;:&quot;fadeIn&quot;}\" data-widget_type=\"heading.default\">\n\t\t\t\t<div class=\"elementor-widget-container\">\n\t\t\t\t\t<h2 class=\"elementor-heading-title elementor-size-default\">General\n<font color=\"##FF0000\">Information <\/font> <\/h2>\t\t\t\t<\/div>\n\t\t\t\t<\/div>\n\t\t\t\t<div class=\"elementor-element elementor-element-65dab71 elementor-widget elementor-widget-text-editor\" data-id=\"65dab71\" data-element_type=\"widget\" data-widget_type=\"text-editor.default\">\n\t\t\t\t<div class=\"elementor-widget-container\">\n\t\t\t\t\t\t\t\t\tThe R.C.S MeetUP (formerly Soltvadkert) BMW gathering has been the largest BMW meetup in the region since 2004. Since 2021, the event has been held in Kunfeh\u00e9rt\u00f3, where more than 1,000 BMWs come together each year!\t\t\t\t\t\t\t\t<\/div>\n\t\t\t\t<\/div>\n\t\t\t\t<div class=\"elementor-element elementor-element-4dcc665 elementor-widget elementor-widget-google_maps\" data-id=\"4dcc665\" data-element_type=\"widget\" data-widget_type=\"google_maps.default\">\n\t\t\t\t<div class=\"elementor-widget-container\">\n\t\t\t\t\t\t\t<div class=\"elementor-custom-embed\">\n\t\t\t<iframe loading=\"lazy\"\n\t\t\t\t\tsrc=\"https:\/\/maps.google.com\/maps?q=Kunfeh%C3%A9rt%C3%B3%20strand&#038;t=m&#038;z=10&#038;output=embed&#038;iwloc=near\"\n\t\t\t\t\ttitle=\"Kunfeh\u00e9rt\u00f3 strand\"\n\t\t\t\t\taria-label=\"Kunfeh\u00e9rt\u00f3 strand\"\n\t\t\t><\/iframe>\n\t\t<\/div>\n\t\t\t\t\t\t<\/div>\n\t\t\t\t<\/div>\n\t\t\t\t<div class=\"elementor-element elementor-element-c681abe elementor-widget elementor-widget-text-editor\" data-id=\"c681abe\" data-element_type=\"widget\" data-widget_type=\"text-editor.default\">\n\t\t\t\t<div class=\"elementor-widget-container\">\n\t\t\t\t\t\t\t\t\t<p>Areas: Kunfeh\u00e9rt\u00f3 camping, beach, sports camps and Youth Camp.<\/p>\t\t\t\t\t\t\t\t<\/div>\n\t\t\t\t<\/div>\n\t\t\t\t<div class=\"elementor-element elementor-element-09afd67 elementor-widget elementor-widget-image\" data-id=\"09afd67\" data-element_type=\"widget\" data-widget_type=\"image.default\">\n\t\t\t\t<div class=\"elementor-widget-container\">\n\t\t\t\t\t\t\t\t\t\t\t\t\t\t\t<img fetchpriority=\"high\" decoding=\"async\" width=\"768\" height=\"995\" src=\"https:\/\/rcs.hu\/wp-content\/uploads\/2025\/06\/toparti2025-768x995.jpg\" class=\"attachment-medium_large size-medium_large wp-image-3187\" alt=\"\" srcset=\"https:\/\/rcs.hu\/wp-content\/uploads\/2025\/06\/toparti2025-768x995.jpg 768w, https:\/\/rcs.hu\/wp-content\/uploads\/2025\/06\/toparti2025-232x300.jpg 232w, https:\/\/rcs.hu\/wp-content\/uploads\/2025\/06\/toparti2025-791x1024.jpg 791w, https:\/\/rcs.hu\/wp-content\/uploads\/2025\/06\/toparti2025-1186x1536.jpg 1186w, https:\/\/rcs.hu\/wp-content\/uploads\/2025\/06\/toparti2025-1581x2048.jpg 1581w, https:\/\/rcs.hu\/wp-content\/uploads\/2025\/06\/toparti2025-9x12.jpg 9w, https:\/\/rcs.hu\/wp-content\/uploads\/2025\/06\/toparti2025-600x777.jpg 600w, https:\/\/rcs.hu\/wp-content\/uploads\/2025\/06\/toparti2025.jpg 1837w\" sizes=\"(max-width: 768px) 100vw, 768px\" \/>\t\t\t\t\t\t\t\t\t\t\t\t\t\t\t<\/div>\n\t\t\t\t<\/div>\n\t\t\t\t<div class=\"elementor-element elementor-element-1f0d9f9 elementor-widget elementor-widget-image\" data-id=\"1f0d9f9\" data-element_type=\"widget\" data-widget_type=\"image.default\">\n\t\t\t\t<div class=\"elementor-widget-container\">\n\t\t\t\t\t\t\t\t\t\t\t\t\t\t\t<img decoding=\"async\" width=\"768\" height=\"1082\" src=\"https:\/\/rcs.hu\/wp-content\/uploads\/2025\/06\/5os-szektor2025-768x1082.jpg\" class=\"attachment-medium_large size-medium_large wp-image-3188\" alt=\"\" srcset=\"https:\/\/rcs.hu\/wp-content\/uploads\/2025\/06\/5os-szektor2025-768x1082.jpg 768w, https:\/\/rcs.hu\/wp-content\/uploads\/2025\/06\/5os-szektor2025-213x300.jpg 213w, https:\/\/rcs.hu\/wp-content\/uploads\/2025\/06\/5os-szektor2025-727x1024.jpg 727w, https:\/\/rcs.hu\/wp-content\/uploads\/2025\/06\/5os-szektor2025-1090x1536.jpg 1090w, https:\/\/rcs.hu\/wp-content\/uploads\/2025\/06\/5os-szektor2025-9x12.jpg 9w, https:\/\/rcs.hu\/wp-content\/uploads\/2025\/06\/5os-szektor2025-600x845.jpg 600w, https:\/\/rcs.hu\/wp-content\/uploads\/2025\/06\/5os-szektor2025.jpg 1255w\" sizes=\"(max-width: 768px) 100vw, 768px\" \/>\t\t\t\t\t\t\t\t\t\t\t\t\t\t\t<\/div>\n\t\t\t\t<\/div>\n\t\t\t\t<div class=\"elementor-element elementor-element-0a331bd elementor-widget elementor-widget-heading\" data-id=\"0a331bd\" data-element_type=\"widget\" data-widget_type=\"heading.default\">\n\t\t\t\t<div class=\"elementor-widget-container\">\n\t\t\t\t\t<h1 class=\"elementor-heading-title elementor-size-default\">Program plans<\/h1>\t\t\t\t<\/div>\n\t\t\t\t<\/div>\n\t\t\t\t<div class=\"elementor-element elementor-element-7754b4b elementor-widget elementor-widget-image\" data-id=\"7754b4b\" data-element_type=\"widget\" data-widget_type=\"image.default\">\n\t\t\t\t<div class=\"elementor-widget-container\">\n\t\t\t\t\t\t\t\t\t\t\t\t\t\t\t<img decoding=\"async\" width=\"768\" height=\"497\" src=\"https:\/\/rcs.hu\/wp-content\/uploads\/2025\/06\/programterv-1-768x497.png\" class=\"attachment-medium_large size-medium_large wp-image-3312\" alt=\"\" srcset=\"https:\/\/rcs.hu\/wp-content\/uploads\/2025\/06\/programterv-1-768x497.png 768w, https:\/\/rcs.hu\/wp-content\/uploads\/2025\/06\/programterv-1-300x194.png 300w, https:\/\/rcs.hu\/wp-content\/uploads\/2025\/06\/programterv-1-1024x663.png 1024w, https:\/\/rcs.hu\/wp-content\/uploads\/2025\/06\/programterv-1-18x12.png 18w, https:\/\/rcs.hu\/wp-content\/uploads\/2025\/06\/programterv-1-600x389.png 600w, https:\/\/rcs.hu\/wp-content\/uploads\/2025\/06\/programterv-1.png 1263w\" sizes=\"(max-width: 768px) 100vw, 768px\" \/>\t\t\t\t\t\t\t\t\t\t\t\t\t\t\t<\/div>\n\t\t\t\t<\/div>\n\t\t\t\t<div class=\"elementor-element elementor-element-015b71d elementor-widget elementor-widget-image\" data-id=\"015b71d\" data-element_type=\"widget\" data-widget_type=\"image.default\">\n\t\t\t\t<div class=\"elementor-widget-container\">\n\t\t\t\t\t\t\t\t\t\t\t\t\t\t\t<img loading=\"lazy\" decoding=\"async\" width=\"768\" height=\"404\" src=\"https:\/\/rcs.hu\/wp-content\/uploads\/2025\/06\/jegyek_ervenyessege-768x404.png\" class=\"attachment-medium_large size-medium_large wp-image-3310\" alt=\"\" srcset=\"https:\/\/rcs.hu\/wp-content\/uploads\/2025\/06\/jegyek_ervenyessege-768x404.png 768w, https:\/\/rcs.hu\/wp-content\/uploads\/2025\/06\/jegyek_ervenyessege-300x158.png 300w, https:\/\/rcs.hu\/wp-content\/uploads\/2025\/06\/jegyek_ervenyessege-1024x538.png 1024w, https:\/\/rcs.hu\/wp-content\/uploads\/2025\/06\/jegyek_ervenyessege-18x9.png 18w, https:\/\/rcs.hu\/wp-content\/uploads\/2025\/06\/jegyek_ervenyessege-600x315.png 600w, https:\/\/rcs.hu\/wp-content\/uploads\/2025\/06\/jegyek_ervenyessege.png 1164w\" sizes=\"(max-width: 768px) 100vw, 768px\" \/>\t\t\t\t\t\t\t\t\t\t\t\t\t\t\t<\/div>\n\t\t\t\t<\/div>\n\t\t\t\t<div class=\"elementor-element elementor-element-4110213 elementor-widget elementor-widget-text-editor\" data-id=\"4110213\" data-element_type=\"widget\" data-widget_type=\"text-editor.default\">\n\t\t\t\t<div class=\"elementor-widget-container\">\n\t\t\t\t\t\t\t\t\t<p>The event areas are closed and accessible only with a personalized entry ticket (wristband)! Admission is free for children under 14. Parking is free in the surrounding public areas.\u00a0<\/p>\t\t\t\t\t\t\t\t<\/div>\n\t\t\t\t<\/div>\n\t\t\t\t<div class=\"elementor-element elementor-element-f01bd15 elementor-align-justify elementor-invisible elementor-widget elementor-widget-button\" data-id=\"f01bd15\" data-element_type=\"widget\" data-settings=\"{&quot;_animation&quot;:&quot;fadeIn&quot;}\" data-widget_type=\"button.default\">\n\t\t\t\t<div class=\"elementor-widget-container\">\n\t\t\t\t\t\t\t\t\t<div class=\"elementor-button-wrapper\">\n\t\t\t\t\t<a class=\"elementor-button elementor-button-link elementor-size-sm elementor-animation-pulse\" href=\"https:\/\/rcs.hu\/en\/programok\/\">\n\t\t\t\t\t\t<span class=\"elementor-button-content-wrapper\">\n\t\t\t\t\t\t\t\t\t<span class=\"elementor-button-text\">Program<\/span>\n\t\t\t\t\t<\/span>\n\t\t\t\t\t<\/a>\n\t\t\t\t<\/div>\n\t\t\t\t\t\t\t\t<\/div>\n\t\t\t\t<\/div>\n\t\t\t\t<\/div>\n\t\t\t\t<\/div>","protected":false},"excerpt":{"rendered":"<p>\u00c1ltal\u00e1nos Inform\u00e1ci\u00f3 Az R.C.S MeetUP (kor\u00e1bban soltvadkerti) BMW tal\u00e1lkoz\u00f3 2004 \u00f3ta a r\u00e9gi\u00f3 legnagyobb BMW-tal\u00e1lkoz\u00f3ja. A helysz\u00edn 2021 \u00f3ta Kunfeh\u00e9rt\u00f3, ahova minden \u00e9vben t\u00f6bb, mint 1000 BMW gy\u0171lik \u00f6ssze! Ter\u00fcletek: [&hellip;]<\/p>","protected":false},"author":1,"featured_media":0,"parent":0,"menu_order":0,"comment_status":"closed","ping_status":"closed","template":"elementor_header_footer","meta":{"site-sidebar-layout":"no-sidebar","site-content-layout":"","ast-site-content-layout":"full-width-container","site-content-style":"default","site-sidebar-style":"default","ast-global-header-display":"","ast-banner-title-visibility":"","ast-main-header-display":"","ast-hfb-above-header-display":"","ast-hfb-below-header-display":"","ast-hfb-mobile-header-display":"","site-post-title":"disabled","ast-breadcrumbs-content":"","ast-featured-img":"disabled","footer-sml-layout":"","theme-transparent-header-meta":"","adv-header-id-meta":"","stick-header-meta":"","header-above-stick-meta":"","header-main-stick-meta":"","header-below-stick-meta":"","astra-migrate-meta-layouts":"default","ast-page-background-enabled":"default","ast-page-background-meta":{"desktop":{"background-color":"var(--ast-global-color-4)","background-image":"","background-repeat":"repeat","background-position":"center center","background-size":"auto","background-attachment":"scroll","background-type":"","background-media":"","overlay-type":"","overlay-color":"","overlay-gradient":""},"tablet":{"background-color":"","background-image":"","background-repeat":"repeat","background-position":"center center","background-size":"auto","background-attachment":"scroll","background-type":"","background-media":"","overlay-type":"","overlay-color":"","overlay-gradient":""},"mobile":{"background-color":"","background-image":"","background-repeat":"repeat","background-position":"center center","background-size":"auto","background-attachment":"scroll","background-type":"","background-media":"","overlay-type":"","overlay-color":"","overlay-gradient":""}},"ast-content-background-meta":{"desktop":{"background-color":"var(--ast-global-color-5)","background-image":"","background-repeat":"repeat","background-position":"center center","background-size":"auto","background-attachment":"scroll","background-type":"","background-media":"","overlay-type":"","overlay-color":"","overlay-gradient":""},"tablet":{"background-color":"var(--ast-global-color-5)","background-image":"","background-repeat":"repeat","background-position":"center center","background-size":"auto","background-attachment":"scroll","background-type":"","background-media":"","overlay-type":"","overlay-color":"","overlay-gradient":""},"mobile":{"background-color":"var(--ast-global-color-5)","background-image":"","background-repeat":"repeat","background-position":"center center","background-size":"auto","background-attachment":"scroll","background-type":"","background-media":"","overlay-type":"","overlay-color":"","overlay-gradient":""}},"_price":"","_stock":"","_tribe_ticket_header":"","_tribe_default_ticket_provider":"","_tribe_ticket_capacity":"0","_ticket_start_date":"","_ticket_end_date":"","_tribe_ticket_show_description":"","_tribe_ticket_show_not_going":false,"_tribe_ticket_use_global_stock":"","_tribe_ticket_global_stock_level":"","_global_stock_mode":"","_global_stock_cap":"","_tribe_rsvp_for_event":"","_tribe_ticket_going_count":"","_tribe_ticket_not_going_count":"","_tribe_tickets_list":"[]","_tribe_ticket_has_attendee_info_fields":false,"footnotes":""},"class_list":["post-276","page","type-page","status-publish","hentry"],"ticketed":false,"_links":{"self":[{"href":"https:\/\/rcs.hu\/en\/wp-json\/wp\/v2\/pages\/276","targetHints":{"allow":["GET"]}}],"collection":[{"href":"https:\/\/rcs.hu\/en\/wp-json\/wp\/v2\/pages"}],"about":[{"href":"https:\/\/rcs.hu\/en\/wp-json\/wp\/v2\/types\/page"}],"author":[{"embeddable":true,"href":"https:\/\/rcs.hu\/en\/wp-json\/wp\/v2\/users\/1"}],"replies":[{"embeddable":true,"href":"https:\/\/rcs.hu\/en\/wp-json\/wp\/v2\/comments?post=276"}],"version-history":[{"count":27,"href":"https:\/\/rcs.hu\/en\/wp-json\/wp\/v2\/pages\/276\/revisions"}],"predecessor-version":[{"id":3315,"href":"https:\/\/rcs.hu\/en\/wp-json\/wp\/v2\/pages\/276\/revisions\/3315"}],"wp:attachment":[{"href":"https:\/\/rcs.hu\/en\/wp-json\/wp\/v2\/media?parent=276"}],"curies":[{"name":"wp","href":"https:\/\/api.w.org\/{rel}","templated":true}]}}