{"id":1222,"date":"2024-04-03T08:24:31","date_gmt":"2024-04-03T07:24:31","guid":{"rendered":"https:\/\/rcs.hu\/?page_id=1222"},"modified":"2025-06-12T14:34:45","modified_gmt":"2025-06-12T13:34:45","slug":"nyeremenyjatek","status":"publish","type":"page","link":"https:\/\/rcs.hu\/en\/nyeremenyjatek\/","title":{"rendered":"Giveaway"},"content":{"rendered":"<div data-elementor-type=\"wp-page\" data-elementor-id=\"1222\" class=\"elementor elementor-1222\" data-elementor-post-type=\"page\">\n\t\t\t\t<div class=\"elementor-element elementor-element-5e91b3d e-con-full e-flex e-con e-parent\" data-id=\"5e91b3d\" data-element_type=\"container\" data-settings=\"{&quot;background_background&quot;:&quot;classic&quot;}\">\n\t\t\t\t<div class=\"elementor-element elementor-element-fb340e9 elementor-invisible elementor-widget elementor-widget-heading\" data-id=\"fb340e9\" data-element_type=\"widget\" data-settings=\"{&quot;_animation&quot;:&quot;fadeIn&quot;}\" data-widget_type=\"heading.default\">\n\t\t\t\t<div class=\"elementor-widget-container\">\n\t\t\t\t\t<h2 class=\"elementor-heading-title elementor-size-default\">Giveaway<\/h2>\t\t\t\t<\/div>\n\t\t\t\t<\/div>\n\t\t\t\t<div class=\"elementor-element elementor-element-fbc5435 elementor-widget elementor-widget-text-editor\" data-id=\"fbc5435\" data-element_type=\"widget\" data-widget_type=\"text-editor.default\">\n\t\t\t\t<div class=\"elementor-widget-container\">\n\t\t\t\t\t\t\t\t\t<p><strong>\u00a0<\/strong><\/p>\t\t\t\t\t\t\t\t<\/div>\n\t\t\t\t<\/div>\n\t\t\t\t<div class=\"elementor-element elementor-element-fae6d2f elementor-widget elementor-widget-text-editor\" data-id=\"fae6d2f\" data-element_type=\"widget\" data-widget_type=\"text-editor.default\">\n\t\t\t\t<div class=\"elementor-widget-container\">\n\t\t\t\t\t\t\t\t\t<p class=\" translation-block\">Our most exciting game is always the <strong>RCS Pass Giveaway<\/strong>, which is exclusively for our pass holders. The grand prize in 2025 is a BMW E91 320d prize car!<\/p>\t\t\t\t\t\t\t\t<\/div>\n\t\t\t\t<\/div>\n\t\t\t\t<div class=\"elementor-element elementor-element-56d7656 elementor-widget elementor-widget-image\" data-id=\"56d7656\" data-element_type=\"widget\" data-widget_type=\"image.default\">\n\t\t\t\t<div class=\"elementor-widget-container\">\n\t\t\t\t\t\t\t\t\t\t\t\t\t\t\t<img fetchpriority=\"high\" decoding=\"async\" width=\"1024\" height=\"576\" src=\"https:\/\/rcs.hu\/wp-content\/uploads\/2025\/05\/bmw-1024x576.png\" class=\"attachment-large size-large wp-image-3042\" alt=\"\" srcset=\"https:\/\/rcs.hu\/wp-content\/uploads\/2025\/05\/bmw-1024x576.png 1024w, https:\/\/rcs.hu\/wp-content\/uploads\/2025\/05\/bmw-300x169.png 300w, https:\/\/rcs.hu\/wp-content\/uploads\/2025\/05\/bmw-768x432.png 768w, https:\/\/rcs.hu\/wp-content\/uploads\/2025\/05\/bmw-1536x864.png 1536w, https:\/\/rcs.hu\/wp-content\/uploads\/2025\/05\/bmw-18x10.png 18w, https:\/\/rcs.hu\/wp-content\/uploads\/2025\/05\/bmw-600x338.png 600w, https:\/\/rcs.hu\/wp-content\/uploads\/2025\/05\/bmw.png 1920w\" sizes=\"(max-width: 1024px) 100vw, 1024px\" \/>\t\t\t\t\t\t\t\t\t\t\t\t\t\t\t<\/div>\n\t\t\t\t<\/div>\n\t\t\t\t<div class=\"elementor-element elementor-element-d01ff35 elementor-widget__width-initial elementor-widget elementor-widget-text-editor\" data-id=\"d01ff35\" data-element_type=\"widget\" data-widget_type=\"text-editor.default\">\n\t\t\t\t<div class=\"elementor-widget-container\">\n\t\t\t\t\t\t\t\t\t<h4>Buy a season pass and you could win the BMW!<\/h4><h5 class=\"wp-block-heading\">Season Pass Giveaway \u2013 Key Information:<\/h5><ul><li><strong>Exclusively for paying season pass holders<\/strong><\/li><li><strong>On-site registration required<\/strong><\/li><li><strong>Open to participants aged 14 and above<\/strong><\/li><li><strong>date: June 21, 2025<\/strong><\/li><li><strong>Personal attendance is required<\/strong><\/li><\/ul>\t\t\t\t\t\t\t\t<\/div>\n\t\t\t\t<\/div>\n\t\t\t\t<div class=\"elementor-element elementor-element-85daafb elementor-widget elementor-widget-text-editor\" data-id=\"85daafb\" data-element_type=\"widget\" data-widget_type=\"text-editor.default\">\n\t\t\t\t<div class=\"elementor-widget-container\">\n\t\t\t\t\t\t\t\t\t<h2>And the grand prize of the raffle is this brand new BMW M Bike!<\/h2>\t\t\t\t\t\t\t\t<\/div>\n\t\t\t\t<\/div>\n\t\t\t\t<div class=\"elementor-element elementor-element-af834f0 elementor-widget elementor-widget-image\" data-id=\"af834f0\" data-element_type=\"widget\" data-widget_type=\"image.default\">\n\t\t\t\t<div class=\"elementor-widget-container\">\n\t\t\t\t\t\t\t\t\t\t\t\t\t\t\t<img decoding=\"async\" width=\"768\" height=\"576\" src=\"https:\/\/rcs.hu\/wp-content\/uploads\/2025\/06\/503605568_1020186233576921_5263479955376946773_n-768x576.jpg\" class=\"attachment-medium_large size-medium_large wp-image-3396\" alt=\"\" srcset=\"https:\/\/rcs.hu\/wp-content\/uploads\/2025\/06\/503605568_1020186233576921_5263479955376946773_n-768x576.jpg 768w, https:\/\/rcs.hu\/wp-content\/uploads\/2025\/06\/503605568_1020186233576921_5263479955376946773_n-300x225.jpg 300w, https:\/\/rcs.hu\/wp-content\/uploads\/2025\/06\/503605568_1020186233576921_5263479955376946773_n-1024x768.jpg 1024w, https:\/\/rcs.hu\/wp-content\/uploads\/2025\/06\/503605568_1020186233576921_5263479955376946773_n-1536x1152.jpg 1536w, https:\/\/rcs.hu\/wp-content\/uploads\/2025\/06\/503605568_1020186233576921_5263479955376946773_n-16x12.jpg 16w, https:\/\/rcs.hu\/wp-content\/uploads\/2025\/06\/503605568_1020186233576921_5263479955376946773_n-600x450.jpg 600w, https:\/\/rcs.hu\/wp-content\/uploads\/2025\/06\/503605568_1020186233576921_5263479955376946773_n.jpg 2048w\" sizes=\"(max-width: 768px) 100vw, 768px\" \/>\t\t\t\t\t\t\t\t\t\t\t\t\t\t\t<\/div>\n\t\t\t\t<\/div>\n\t\t\t\t<div class=\"elementor-element elementor-element-768d6c1 elementor-widget elementor-widget-text-editor\" data-id=\"768d6c1\" data-element_type=\"widget\" data-widget_type=\"text-editor.default\">\n\t\t\t\t<div class=\"elementor-widget-container\">\n\t\t\t\t\t\t\t\t\t<p>Anyone can buy a raffle ticket on site for 1000 HUF. Draw on the evening of 06.21!<\/p>\t\t\t\t\t\t\t\t<\/div>\n\t\t\t\t<\/div>\n\t\t\t\t<div class=\"elementor-element elementor-element-e41df6b elementor-align-justify elementor-invisible elementor-widget elementor-widget-button\" data-id=\"e41df6b\" data-element_type=\"widget\" data-settings=\"{&quot;_animation&quot;:&quot;fadeIn&quot;}\" data-widget_type=\"button.default\">\n\t\t\t\t<div class=\"elementor-widget-container\">\n\t\t\t\t\t\t\t\t\t<div class=\"elementor-button-wrapper\">\n\t\t\t\t\t<a class=\"elementor-button elementor-button-link elementor-size-sm elementor-animation-pulse\" href=\"https:\/\/rcs.hu\/en\/promocios-jatek-szabalyzat\/\">\n\t\t\t\t\t\t<span class=\"elementor-button-content-wrapper\">\n\t\t\t\t\t\t\t\t\t<span class=\"elementor-button-text\">Game Rules<\/span>\n\t\t\t\t\t<\/span>\n\t\t\t\t\t<\/a>\n\t\t\t\t<\/div>\n\t\t\t\t\t\t\t\t<\/div>\n\t\t\t\t<\/div>\n\t\t\t\t<\/div>\n\t\t<div class=\"elementor-element elementor-element-76cac9b e-flex e-con-boxed e-con e-parent\" data-id=\"76cac9b\" data-element_type=\"container\">\n\t\t\t\t\t<div class=\"e-con-inner\">\n\t\t\t\t\t<\/div>\n\t\t\t\t<\/div>\n\t\t\t\t<\/div>","protected":false},"excerpt":{"rendered":"<p>Nyerem\u00e9nyj\u00e1t\u00e9kok \u00a0 A legizgalmasabb j\u00e1t\u00e9kunk mindig a B\u00e9rletes nyerem\u00e9nyj\u00e1t\u00e9k, amin b\u00e9rletes vend\u00e9geink vehetnek r\u00e9szt. A f\u0151d\u00edj 2025-ben egy BMW E91 320d! V\u00e1s\u00e1rolj b\u00e9rletet, \u00e9s megnyerheted a BMW-t! B\u00e9rletes nyerem\u00e9nyj\u00e1t\u00e9k f\u0151bb [&hellip;]<\/p>","protected":false},"author":1,"featured_media":0,"parent":0,"menu_order":0,"comment_status":"closed","ping_status":"closed","template":"","meta":{"site-sidebar-layout":"no-sidebar","site-content-layout":"","ast-site-content-layout":"full-width-container","site-content-style":"default","site-sidebar-style":"default","ast-global-header-display":"","ast-banner-title-visibility":"","ast-main-header-display":"","ast-hfb-above-header-display":"","ast-hfb-below-header-display":"","ast-hfb-mobile-header-display":"","site-post-title":"disabled","ast-breadcrumbs-content":"","ast-featured-img":"disabled","footer-sml-layout":"","theme-transparent-header-meta":"","adv-header-id-meta":"","stick-header-meta":"","header-above-stick-meta":"","header-main-stick-meta":"","header-below-stick-meta":"","astra-migrate-meta-layouts":"default","ast-page-background-enabled":"default","ast-page-background-meta":{"desktop":{"background-color":"var(--ast-global-color-4)","background-image":"","background-repeat":"repeat","background-position":"center center","background-size":"auto","background-attachment":"scroll","background-type":"","background-media":"","overlay-type":"","overlay-color":"","overlay-gradient":""},"tablet":{"background-color":"","background-image":"","background-repeat":"repeat","background-position":"center center","background-size":"auto","background-attachment":"scroll","background-type":"","background-media":"","overlay-type":"","overlay-color":"","overlay-gradient":""},"mobile":{"background-color":"","background-image":"","background-repeat":"repeat","background-position":"center center","background-size":"auto","background-attachment":"scroll","background-type":"","background-media":"","overlay-type":"","overlay-color":"","overlay-gradient":""}},"ast-content-background-meta":{"desktop":{"background-color":"var(--ast-global-color-5)","background-image":"","background-repeat":"repeat","background-position":"center center","background-size":"auto","background-attachment":"scroll","background-type":"","background-media":"","overlay-type":"","overlay-color":"","overlay-gradient":""},"tablet":{"background-color":"var(--ast-global-color-5)","background-image":"","background-repeat":"repeat","background-position":"center center","background-size":"auto","background-attachment":"scroll","background-type":"","background-media":"","overlay-type":"","overlay-color":"","overlay-gradient":""},"mobile":{"background-color":"var(--ast-global-color-5)","background-image":"","background-repeat":"repeat","background-position":"center center","background-size":"auto","background-attachment":"scroll","background-type":"","background-media":"","overlay-type":"","overlay-color":"","overlay-gradient":""}},"_price":"","_stock":"","_tribe_ticket_header":"","_tribe_default_ticket_provider":"","_tribe_ticket_capacity":"0","_ticket_start_date":"","_ticket_end_date":"","_tribe_ticket_show_description":"","_tribe_ticket_show_not_going":false,"_tribe_ticket_use_global_stock":"","_tribe_ticket_global_stock_level":"","_global_stock_mode":"","_global_stock_cap":"","_tribe_rsvp_for_event":"","_tribe_ticket_going_count":"","_tribe_ticket_not_going_count":"","_tribe_tickets_list":"[]","_tribe_ticket_has_attendee_info_fields":false,"footnotes":""},"class_list":["post-1222","page","type-page","status-publish","hentry"],"ticketed":false,"_links":{"self":[{"href":"https:\/\/rcs.hu\/en\/wp-json\/wp\/v2\/pages\/1222","targetHints":{"allow":["GET"]}}],"collection":[{"href":"https:\/\/rcs.hu\/en\/wp-json\/wp\/v2\/pages"}],"about":[{"href":"https:\/\/rcs.hu\/en\/wp-json\/wp\/v2\/types\/page"}],"author":[{"embeddable":true,"href":"https:\/\/rcs.hu\/en\/wp-json\/wp\/v2\/users\/1"}],"replies":[{"embeddable":true,"href":"https:\/\/rcs.hu\/en\/wp-json\/wp\/v2\/comments?post=1222"}],"version-history":[{"count":25,"href":"https:\/\/rcs.hu\/en\/wp-json\/wp\/v2\/pages\/1222\/revisions"}],"predecessor-version":[{"id":3402,"href":"https:\/\/rcs.hu\/en\/wp-json\/wp\/v2\/pages\/1222\/revisions\/3402"}],"wp:attachment":[{"href":"https:\/\/rcs.hu\/en\/wp-json\/wp\/v2\/media?parent=1222"}],"curies":[{"name":"wp","href":"https:\/\/api.w.org\/{rel}","templated":true}]}}